{"id":23125,"date":"2025-01-30T20:36:58","date_gmt":"2025-01-30T19:36:58","guid":{"rendered":"https:\/\/ibernex.es\/innovacio\/"},"modified":"2025-03-26T10:20:50","modified_gmt":"2025-03-26T09:20:50","slug":"innovacio","status":"publish","type":"page","link":"https:\/\/ibernex.es\/ca\/innovacio\/","title":{"rendered":"Innovaci\u00f3"},"content":{"rendered":"\t\t<div data-elementor-type=\"wp-page\" data-elementor-id=\"23125\" class=\"elementor elementor-23125 elementor-18909\" data-elementor-post-type=\"page\">\n\t\t\t\t<div class=\"elementor-element elementor-element-c4c7bde e-con-full e-flex e-con e-parent\" data-id=\"c4c7bde\" data-element_type=\"container\" data-e-type=\"container\" data-settings=\"{&quot;background_background&quot;:&quot;classic&quot;}\">\n\t\t<div class=\"elementor-element elementor-element-d68c316 e-con-full e-flex e-con e-child\" data-id=\"d68c316\" data-element_type=\"container\" data-e-type=\"container\" data-settings=\"{&quot;background_background&quot;:&quot;classic&quot;}\">\n\t\t\t\t<div class=\"elementor-element elementor-element-865d4f2 elementor-widget elementor-widget-heading\" data-id=\"865d4f2\" data-element_type=\"widget\" data-e-type=\"widget\" data-widget_type=\"heading.default\">\n\t\t\t\t<div class=\"elementor-widget-container\">\n\t\t\t\t\t<h1 class=\"elementor-heading-title elementor-size-default\">Innovaci\u00f3<\/h1>\t\t\t\t<\/div>\n\t\t\t\t<\/div>\n\t\t\t\t<\/div>\n\t\t<div class=\"elementor-element elementor-element-2b10baf e-con-full e-flex e-con e-child\" data-id=\"2b10baf\" data-element_type=\"container\" data-e-type=\"container\">\n\t\t\t\t<div class=\"elementor-element elementor-element-e8d28e8 elementor-widget__width-auto elementor-absolute elementor-view-default elementor-widget elementor-widget-icon\" data-id=\"e8d28e8\" data-element_type=\"widget\" data-e-type=\"widget\" data-settings=\"{&quot;_position&quot;:&quot;absolute&quot;}\" data-widget_type=\"icon.default\">\n\t\t\t\t<div class=\"elementor-widget-container\">\n\t\t\t\t\t\t\t<div class=\"elementor-icon-wrapper\">\n\t\t\t<div class=\"elementor-icon\">\n\t\t\t<svg xmlns=\"http:\/\/www.w3.org\/2000\/svg\" xmlns:xlink=\"http:\/\/www.w3.org\/1999\/xlink\" width=\"326.939\" height=\"105.721\" viewBox=\"0 0 326.939 105.721\"><defs><clipPath id=\"clip-path\"><rect id=\"Rect&#xE1;ngulo_33\" data-name=\"Rect&#xE1;ngulo 33\" width=\"326.939\" height=\"105.721\" fill=\"none\"><\/rect><\/clipPath><\/defs><g id=\"Grupo_50\" data-name=\"Grupo 50\" transform=\"translate(0 0)\"><g id=\"Grupo_49\" data-name=\"Grupo 49\" transform=\"translate(0 0)\" clip-path=\"url(#clip-path)\"><path id=\"Trazado_78\" data-name=\"Trazado 78\" d=\"M14.781,4.7l-3.3-3.3A4.792,4.792,0,0,0,4.7,1.4L1.4,4.7a4.792,4.792,0,0,0,0,6.774l3.3,3.3a4.792,4.792,0,0,0,6.774,0l3.3-3.3a4.788,4.788,0,0,0,0-6.774\" transform=\"translate(0 0.001)\" fill=\"#ff8f00\"><\/path><path id=\"Trazado_79\" data-name=\"Trazado 79\" d=\"M40.775,4.7l-3.3-3.3a4.792,4.792,0,0,0-6.774,0L27.4,4.7a4.792,4.792,0,0,0,0,6.774l3.3,3.3a4.792,4.792,0,0,0,6.774,0l3.3-3.3a4.788,4.788,0,0,0,0-6.774\" transform=\"translate(33.78 0.001)\" fill=\"#ff8f00\"><\/path><path id=\"Trazado_80\" data-name=\"Trazado 80\" d=\"M66.769,4.7l-3.3-3.3a4.792,4.792,0,0,0-6.774,0l-3.3,3.3a4.792,4.792,0,0,0,0,6.774l3.3,3.3a4.792,4.792,0,0,0,6.774,0l3.3-3.3a4.788,4.788,0,0,0,0-6.774\" transform=\"translate(67.56 0.001)\" fill=\"#ff8f00\"><\/path><path id=\"Trazado_81\" data-name=\"Trazado 81\" d=\"M92.764,4.7l-3.3-3.3a4.792,4.792,0,0,0-6.774,0l-3.3,3.3a4.792,4.792,0,0,0,0,6.774l3.3,3.3a4.792,4.792,0,0,0,6.774,0l3.3-3.3a4.788,4.788,0,0,0,0-6.774\" transform=\"translate(101.341 0.001)\" fill=\"#ff8f00\"><\/path><path id=\"Trazado_82\" data-name=\"Trazado 82\" d=\"M118.758,4.7l-3.3-3.3a4.792,4.792,0,0,0-6.774,0l-3.3,3.3a4.792,4.792,0,0,0,0,6.774l3.3,3.3a4.792,4.792,0,0,0,6.774,0l3.3-3.3a4.788,4.788,0,0,0,0-6.774\" transform=\"translate(135.121 0.001)\" fill=\"#ff8f00\"><\/path><path id=\"Trazado_83\" data-name=\"Trazado 83\" d=\"M144.754,4.7l-3.3-3.3a4.792,4.792,0,0,0-6.774,0l-3.3,3.3a4.792,4.792,0,0,0,0,6.774l3.3,3.3a4.792,4.792,0,0,0,6.774,0l3.3-3.3a4.788,4.788,0,0,0,0-6.774\" transform=\"translate(168.901 0.001)\" fill=\"#ff8f00\"><\/path><path id=\"Trazado_84\" data-name=\"Trazado 84\" d=\"M14.781,21.22l-3.3-3.3a4.792,4.792,0,0,0-6.774,0l-3.3,3.3a4.792,4.792,0,0,0,0,6.774l3.3,3.3a4.792,4.792,0,0,0,6.774,0l3.3-3.3a4.788,4.788,0,0,0,0-6.774\" transform=\"translate(0 21.464)\" fill=\"#ff8f00\"><\/path><path id=\"Trazado_85\" data-name=\"Trazado 85\" d=\"M40.775,21.22l-3.3-3.3a4.792,4.792,0,0,0-6.774,0l-3.3,3.3a4.792,4.792,0,0,0,0,6.774l3.3,3.3a4.792,4.792,0,0,0,6.774,0l3.3-3.3a4.788,4.788,0,0,0,0-6.774\" transform=\"translate(33.78 21.464)\" fill=\"#ff8f00\"><\/path><path id=\"Trazado_86\" data-name=\"Trazado 86\" d=\"M66.769,21.22l-3.3-3.3a4.792,4.792,0,0,0-6.774,0l-3.3,3.3a4.792,4.792,0,0,0,0,6.774l3.3,3.3a4.792,4.792,0,0,0,6.774,0l3.3-3.3a4.788,4.788,0,0,0,0-6.774\" transform=\"translate(67.56 21.464)\" fill=\"#ff8f00\"><\/path><path id=\"Trazado_87\" data-name=\"Trazado 87\" d=\"M92.764,21.22l-3.3-3.3a4.792,4.792,0,0,0-6.774,0l-3.3,3.3a4.792,4.792,0,0,0,0,6.774l3.3,3.3a4.792,4.792,0,0,0,6.774,0l3.3-3.3a4.788,4.788,0,0,0,0-6.774\" transform=\"translate(101.341 21.464)\" fill=\"#ff8f00\"><\/path><path id=\"Trazado_88\" data-name=\"Trazado 88\" d=\"M118.758,21.22l-3.3-3.3a4.792,4.792,0,0,0-6.774,0l-3.3,3.3a4.792,4.792,0,0,0,0,6.774l3.3,3.3a4.792,4.792,0,0,0,6.774,0l3.3-3.3a4.788,4.788,0,0,0,0-6.774\" transform=\"translate(135.121 21.464)\" fill=\"#ff8f00\"><\/path><path id=\"Trazado_89\" data-name=\"Trazado 89\" d=\"M144.754,21.22l-3.3-3.3a4.792,4.792,0,0,0-6.774,0l-3.3,3.3a4.792,4.792,0,0,0,0,6.774l3.3,3.3a4.792,4.792,0,0,0,6.774,0l3.3-3.3a4.788,4.788,0,0,0,0-6.774\" transform=\"translate(168.901 21.464)\" fill=\"#ff8f00\"><\/path><path id=\"Trazado_90\" data-name=\"Trazado 90\" d=\"M14.781,37.736l-3.3-3.3a4.792,4.792,0,0,0-6.774,0l-3.3,3.3a4.792,4.792,0,0,0,0,6.774l3.3,3.3a4.792,4.792,0,0,0,6.774,0l3.3-3.3a4.788,4.788,0,0,0,0-6.774\" transform=\"translate(0 42.927)\" fill=\"#ff8f00\"><\/path><path id=\"Trazado_91\" data-name=\"Trazado 91\" d=\"M40.775,37.736l-3.3-3.3a4.792,4.792,0,0,0-6.774,0l-3.3,3.3a4.792,4.792,0,0,0,0,6.774l3.3,3.3a4.792,4.792,0,0,0,6.774,0l3.3-3.3a4.788,4.788,0,0,0,0-6.774\" transform=\"translate(33.78 42.927)\" fill=\"#ff8f00\"><\/path><path id=\"Trazado_92\" data-name=\"Trazado 92\" d=\"M66.769,37.736l-3.3-3.3a4.792,4.792,0,0,0-6.774,0l-3.3,3.3a4.792,4.792,0,0,0,0,6.774l3.3,3.3a4.792,4.792,0,0,0,6.774,0l3.3-3.3a4.788,4.788,0,0,0,0-6.774\" transform=\"translate(67.56 42.927)\" fill=\"#ff8f00\"><\/path><path id=\"Trazado_93\" data-name=\"Trazado 93\" d=\"M92.764,37.736l-3.3-3.3a4.792,4.792,0,0,0-6.774,0l-3.3,3.3a4.792,4.792,0,0,0,0,6.774l3.3,3.3a4.792,4.792,0,0,0,6.774,0l3.3-3.3a4.788,4.788,0,0,0,0-6.774\" transform=\"translate(101.341 42.927)\" fill=\"#ff8f00\"><\/path><path id=\"Trazado_94\" data-name=\"Trazado 94\" d=\"M118.758,37.736l-3.3-3.3a4.792,4.792,0,0,0-6.774,0l-3.3,3.3a4.792,4.792,0,0,0,0,6.774l3.3,3.3a4.792,4.792,0,0,0,6.774,0l3.3-3.3a4.788,4.788,0,0,0,0-6.774\" transform=\"translate(135.121 42.927)\" fill=\"#ff8f00\"><\/path><path id=\"Trazado_95\" data-name=\"Trazado 95\" d=\"M144.754,37.736l-3.3-3.3a4.792,4.792,0,0,0-6.774,0l-3.3,3.3a4.792,4.792,0,0,0,0,6.774l3.3,3.3a4.792,4.792,0,0,0,6.774,0l3.3-3.3a4.788,4.788,0,0,0,0-6.774\" transform=\"translate(168.901 42.927)\" fill=\"#ff8f00\"><\/path><\/g><\/g><\/svg>\t\t\t<\/div>\n\t\t<\/div>\n\t\t\t\t\t\t<\/div>\n\t\t\t\t<\/div>\n\t\t\t\t<\/div>\n\t\t\t\t<\/div>\n\t\t<div class=\"elementor-element elementor-element-4bc20c1 e-flex e-con-boxed e-con e-parent\" data-id=\"4bc20c1\" data-element_type=\"container\" data-e-type=\"container\">\n\t\t\t\t\t<div class=\"e-con-inner\">\n\t\t<div class=\"elementor-element elementor-element-14a649a e-con-full e-flex e-con e-child\" data-id=\"14a649a\" data-element_type=\"container\" data-e-type=\"container\">\n\t\t\t\t<div class=\"elementor-element elementor-element-aaf065e elementor-position-inline-start elementor-mobile-position-inline-start elementor-view-default elementor-widget elementor-widget-icon-box\" data-id=\"aaf065e\" data-element_type=\"widget\" data-e-type=\"widget\" data-widget_type=\"icon-box.default\">\n\t\t\t\t<div class=\"elementor-widget-container\">\n\t\t\t\t\t\t\t<div class=\"elementor-icon-box-wrapper\">\n\n\t\t\t\t\t\t<div class=\"elementor-icon-box-icon\">\n\t\t\t\t<span  class=\"elementor-icon\">\n\t\t\t\t<svg xmlns=\"http:\/\/www.w3.org\/2000\/svg\" xmlns:xlink=\"http:\/\/www.w3.org\/1999\/xlink\" id=\"Grupo_162\" data-name=\"Grupo 162\" width=\"26\" height=\"26\" viewBox=\"0 0 26 26\"><defs><clipPath id=\"clip-path\"><rect id=\"Rect&#xE1;ngulo_51\" data-name=\"Rect&#xE1;ngulo 51\" width=\"26\" height=\"26\" fill=\"none\"><\/rect><\/clipPath><\/defs><g id=\"Grupo_65\" data-name=\"Grupo 65\" transform=\"translate(0 0)\" clip-path=\"url(#clip-path)\"><path id=\"Trazado_101\" data-name=\"Trazado 101\" d=\"M23.746,7.558l-5.305-5.3a7.7,7.7,0,0,0-10.885,0l-5.3,5.3a7.7,7.7,0,0,0,0,10.883l5.3,5.305a7.7,7.7,0,0,0,10.885,0l5.305-5.305a7.7,7.7,0,0,0,0-10.883\" transform=\"translate(0.001 0)\" fill=\"#ff8f00\"><\/path><\/g><\/svg>\t\t\t\t<\/span>\n\t\t\t<\/div>\n\t\t\t\n\t\t\t\t\t\t<div class=\"elementor-icon-box-content\">\n\n\t\t\t\t\t\t\t\t\t<p class=\"elementor-icon-box-title\">\n\t\t\t\t\t\t<span  >\n\t\t\t\t\t\t\tLa tecnologia m\u00e9s innovadora\t\t\t\t\t\t<\/span>\n\t\t\t\t\t<\/p>\n\t\t\t\t\n\t\t\t\t\n\t\t\t<\/div>\n\t\t\t\n\t\t<\/div>\n\t\t\t\t\t\t<\/div>\n\t\t\t\t<\/div>\n\t\t\t\t<div class=\"elementor-element elementor-element-98496a4 elementor-widget elementor-widget-heading\" data-id=\"98496a4\" data-element_type=\"widget\" data-e-type=\"widget\" data-widget_type=\"heading.default\">\n\t\t\t\t<div class=\"elementor-widget-container\">\n\t\t\t\t\t<h2 class=\"elementor-heading-title elementor-size-default\">PROJECTE AIOT CARE&amp;HEALTH<\/h2>\t\t\t\t<\/div>\n\t\t\t\t<\/div>\n\t\t\t\t<\/div>\n\t\t<div class=\"elementor-element elementor-element-3ed69a1 e-con-full e-flex e-con e-child\" data-id=\"3ed69a1\" data-element_type=\"container\" data-e-type=\"container\">\n\t\t\t\t<div class=\"elementor-element elementor-element-fcd220b elementor-widget elementor-widget-text-editor\" data-id=\"fcd220b\" data-element_type=\"widget\" data-e-type=\"widget\" data-widget_type=\"text-editor.default\">\n\t\t\t\t<div class=\"elementor-widget-container\">\n\t\t\t\t\t\t\t\t\t<p><strong>De qu\u00e8 tracta?<\/strong><\/p>\n<p>A Ibernex estem desenvolupant una plataforma integral, centralitzada i escalable, basada en la combinaci\u00f3 de l&#8217;\u00fas d\u2019habilitadors tecnol\u00f2gics, destacant l&#8217;\u00fas de la IA i l&#8217;Internet de les Coses. <br><br><strong>Qui hi participa?<\/strong><\/p>\n<p>Ho estem fent gr\u00e0cies a la investigaci\u00f3 i la col\u00b7laboraci\u00f3 amb la resta de participants del projecte: Arahealth (Cl\u00faster Aragon\u00e8s de la Salut), l&#8217;Hospital San Juan de Dios de Saragossa, la Fundaci\u00f3n Rey Ardid, l&#8217;Hospital Hern\u00e1n Cort\u00e9s de Miraflores, Tecnara (Cl\u00faster d&#8217;empreses TIC, Electr\u00f2nica i Telecomunicacions d&#8217;Arag\u00f3) i la Universitat de San Jorge.<\/p>\t\t\t\t\t\t\t\t<\/div>\n\t\t\t\t<\/div>\n\t\t\t\t<\/div>\n\t\t\t\t\t<\/div>\n\t\t\t\t<\/div>\n\t\t<div class=\"elementor-element elementor-element-142ef0a e-flex e-con-boxed e-con e-parent\" data-id=\"142ef0a\" data-element_type=\"container\" data-e-type=\"container\" data-settings=\"{&quot;background_background&quot;:&quot;classic&quot;}\">\n\t\t\t\t\t<div class=\"e-con-inner\">\n\t\t<div class=\"elementor-element elementor-element-123d7c7 e-con-full e-flex e-con e-child\" data-id=\"123d7c7\" data-element_type=\"container\" data-e-type=\"container\">\n\t\t\t\t<div class=\"elementor-element elementor-element-2c60230 elementor-widget elementor-widget-spacer\" data-id=\"2c60230\" data-element_type=\"widget\" data-e-type=\"widget\" data-widget_type=\"spacer.default\">\n\t\t\t\t<div class=\"elementor-widget-container\">\n\t\t\t\t\t\t\t<div class=\"elementor-spacer\">\n\t\t\t<div class=\"elementor-spacer-inner\"><\/div>\n\t\t<\/div>\n\t\t\t\t\t\t<\/div>\n\t\t\t\t<\/div>\n\t\t\t\t<div class=\"elementor-element elementor-element-73ca5c6 elementor-widget elementor-widget-heading\" data-id=\"73ca5c6\" data-element_type=\"widget\" data-e-type=\"widget\" data-widget_type=\"heading.default\">\n\t\t\t\t<div class=\"elementor-widget-container\">\n\t\t\t\t\t<h2 class=\"elementor-heading-title elementor-size-default\">Quins s\u00f3n els objectius?<\/h2>\t\t\t\t<\/div>\n\t\t\t\t<\/div>\n\t\t\t\t<div class=\"elementor-element elementor-element-5d4228f elementor-widget elementor-widget-text-editor\" data-id=\"5d4228f\" data-element_type=\"widget\" data-e-type=\"widget\" data-widget_type=\"text-editor.default\">\n\t\t\t\t<div class=\"elementor-widget-container\">\n\t\t\t\t\t\t\t\t\t<p>Amb aquesta plataforma pretenem afrontar la necessitat de donar resposta a diversos dels grans reptes que afronta el sector de la salut:<\/p>\t\t\t\t\t\t\t\t<\/div>\n\t\t\t\t<\/div>\n\t\t\t\t<div class=\"elementor-element elementor-element-e986c98 elementor-widget elementor-widget-spacer\" data-id=\"e986c98\" data-element_type=\"widget\" data-e-type=\"widget\" data-widget_type=\"spacer.default\">\n\t\t\t\t<div class=\"elementor-widget-container\">\n\t\t\t\t\t\t\t<div class=\"elementor-spacer\">\n\t\t\t<div class=\"elementor-spacer-inner\"><\/div>\n\t\t<\/div>\n\t\t\t\t\t\t<\/div>\n\t\t\t\t<\/div>\n\t\t<div class=\"elementor-element elementor-element-87e7f1e e-con-full e-flex e-con e-child\" data-id=\"87e7f1e\" data-element_type=\"container\" data-e-type=\"container\" data-settings=\"{&quot;background_background&quot;:&quot;classic&quot;}\">\n\t\t\t\t<div class=\"elementor-element elementor-element-3b01e5d elementor-widget__width-initial animated-slow elementor-widget-divider--view-line_text elementor-widget-divider--element-align-left elementor-widget-mobile__width-inherit elementor-invisible elementor-widget elementor-widget-divider\" data-id=\"3b01e5d\" data-element_type=\"widget\" data-e-type=\"widget\" data-settings=\"{&quot;_animation&quot;:&quot;fadeIn&quot;,&quot;_animation_delay&quot;:&quot;200&quot;}\" data-widget_type=\"divider.default\">\n\t\t\t\t<div class=\"elementor-widget-container\">\n\t\t\t\t\t\t\t<div class=\"elementor-divider\">\n\t\t\t<span class=\"elementor-divider-separator\">\n\t\t\t\t\t\t\t<span class=\"elementor-divider__text elementor-divider__element\">\n\t\t\t\t01\t\t\t\t<\/span>\n\t\t\t\t\t\t<\/span>\n\t\t<\/div>\n\t\t\t\t\t\t<\/div>\n\t\t\t\t<\/div>\n\t\t\t\t<div class=\"elementor-element elementor-element-6afc1ba elementor-widget elementor-widget-icon-box\" data-id=\"6afc1ba\" data-element_type=\"widget\" data-e-type=\"widget\" data-widget_type=\"icon-box.default\">\n\t\t\t\t<div class=\"elementor-widget-container\">\n\t\t\t\t\t\t\t<div class=\"elementor-icon-box-wrapper\">\n\n\t\t\t\n\t\t\t\t\t\t<div class=\"elementor-icon-box-content\">\n\n\t\t\t\t\t\t\t\t\t<h3 class=\"elementor-icon-box-title\">\n\t\t\t\t\t\t<span  >\n\t\t\t\t\t\t\tOptimitzar \t\t\t\t\t\t<\/span>\n\t\t\t\t\t<\/h3>\n\t\t\t\t\n\t\t\t\t\t\t\t\t\t<p class=\"elementor-icon-box-description\">\n\t\t\t\t\t\tel conjunt de processos vinculats a la cadena de valor del sector, des de la fabricaci\u00f3 i manteniment de dispositius fins a l'atenci\u00f3 personalitzada al pacient\/resident, independentment de l'entorn en qu\u00e8 es trobi (hospital\/resid\u00e8ncia o atenci\u00f3 domicili\u00e0ria). \t\t\t\t\t<\/p>\n\t\t\t\t\n\t\t\t<\/div>\n\t\t\t\n\t\t<\/div>\n\t\t\t\t\t\t<\/div>\n\t\t\t\t<\/div>\n\t\t\t\t<\/div>\n\t\t\t\t<\/div>\n\t\t<div class=\"elementor-element elementor-element-688aa6d e-con-full e-flex e-con e-child\" data-id=\"688aa6d\" data-element_type=\"container\" data-e-type=\"container\">\n\t\t<div class=\"elementor-element elementor-element-05e07a7 e-con-full e-flex e-con e-child\" data-id=\"05e07a7\" data-element_type=\"container\" data-e-type=\"container\" data-settings=\"{&quot;background_background&quot;:&quot;classic&quot;}\">\n\t\t\t\t<div class=\"elementor-element elementor-element-29db215 elementor-widget__width-initial animated-slow elementor-widget-divider--view-line_text elementor-widget-divider--element-align-left elementor-widget-mobile__width-inherit elementor-invisible elementor-widget elementor-widget-divider\" data-id=\"29db215\" data-element_type=\"widget\" data-e-type=\"widget\" data-settings=\"{&quot;_animation&quot;:&quot;fadeIn&quot;,&quot;_animation_delay&quot;:&quot;200&quot;}\" data-widget_type=\"divider.default\">\n\t\t\t\t<div class=\"elementor-widget-container\">\n\t\t\t\t\t\t\t<div class=\"elementor-divider\">\n\t\t\t<span class=\"elementor-divider-separator\">\n\t\t\t\t\t\t\t<span class=\"elementor-divider__text elementor-divider__element\">\n\t\t\t\t02\t\t\t\t<\/span>\n\t\t\t\t\t\t<\/span>\n\t\t<\/div>\n\t\t\t\t\t\t<\/div>\n\t\t\t\t<\/div>\n\t\t\t\t<div class=\"elementor-element elementor-element-81596c9 elementor-widget elementor-widget-icon-box\" data-id=\"81596c9\" data-element_type=\"widget\" data-e-type=\"widget\" data-widget_type=\"icon-box.default\">\n\t\t\t\t<div class=\"elementor-widget-container\">\n\t\t\t\t\t\t\t<div class=\"elementor-icon-box-wrapper\">\n\n\t\t\t\n\t\t\t\t\t\t<div class=\"elementor-icon-box-content\">\n\n\t\t\t\t\t\t\t\t\t<h3 class=\"elementor-icon-box-title\">\n\t\t\t\t\t\t<span  >\n\t\t\t\t\t\t\tAvan\u00e7ar \t\t\t\t\t\t<\/span>\n\t\t\t\t\t<\/h3>\n\t\t\t\t\n\t\t\t\t\t\t\t\t\t<p class=\"elementor-icon-box-description\">\n\t\t\t\t\t\thacia un modelo basado en la hiperconectividad y la elevada personalizaci\u00f3n de la atenci\u00f3n al usuario. \t\t\t\t\t<\/p>\n\t\t\t\t\n\t\t\t<\/div>\n\t\t\t\n\t\t<\/div>\n\t\t\t\t\t\t<\/div>\n\t\t\t\t<\/div>\n\t\t\t\t<\/div>\n\t\t<div class=\"elementor-element elementor-element-2583669 e-con-full e-flex e-con e-child\" data-id=\"2583669\" data-element_type=\"container\" data-e-type=\"container\" data-settings=\"{&quot;background_background&quot;:&quot;classic&quot;}\">\n\t\t\t\t<div class=\"elementor-element elementor-element-dad15a7 elementor-widget__width-initial animated-slow elementor-widget-divider--view-line_text elementor-widget-divider--element-align-left elementor-widget-mobile__width-inherit elementor-invisible elementor-widget elementor-widget-divider\" data-id=\"dad15a7\" data-element_type=\"widget\" data-e-type=\"widget\" data-settings=\"{&quot;_animation&quot;:&quot;fadeIn&quot;,&quot;_animation_delay&quot;:&quot;200&quot;}\" data-widget_type=\"divider.default\">\n\t\t\t\t<div class=\"elementor-widget-container\">\n\t\t\t\t\t\t\t<div class=\"elementor-divider\">\n\t\t\t<span class=\"elementor-divider-separator\">\n\t\t\t\t\t\t\t<span class=\"elementor-divider__text elementor-divider__element\">\n\t\t\t\t03\t\t\t\t<\/span>\n\t\t\t\t\t\t<\/span>\n\t\t<\/div>\n\t\t\t\t\t\t<\/div>\n\t\t\t\t<\/div>\n\t\t\t\t<div class=\"elementor-element elementor-element-213ac9b elementor-widget elementor-widget-icon-box\" data-id=\"213ac9b\" data-element_type=\"widget\" data-e-type=\"widget\" data-widget_type=\"icon-box.default\">\n\t\t\t\t<div class=\"elementor-widget-container\">\n\t\t\t\t\t\t\t<div class=\"elementor-icon-box-wrapper\">\n\n\t\t\t\n\t\t\t\t\t\t<div class=\"elementor-icon-box-content\">\n\n\t\t\t\t\t\t\t\t\t<h3 class=\"elementor-icon-box-title\">\n\t\t\t\t\t\t<span  >\n\t\t\t\t\t\t\tGarantir \t\t\t\t\t\t<\/span>\n\t\t\t\t\t<\/h3>\n\t\t\t\t\n\t\t\t\t\t\t\t\t\t<p class=\"elementor-icon-box-description\">\n\t\t\t\t\t\tl'operabilitat entre agents de diferent naturalesa (p\u00fablics o privats) i especialitzar. \t\t\t\t\t<\/p>\n\t\t\t\t\n\t\t\t<\/div>\n\t\t\t\n\t\t<\/div>\n\t\t\t\t\t\t<\/div>\n\t\t\t\t<\/div>\n\t\t\t\t<\/div>\n\t\t\t\t<\/div>\n\t\t\t\t\t<\/div>\n\t\t\t\t<\/div>\n\t\t<div class=\"elementor-element elementor-element-e4fa352 e-flex e-con-boxed e-con e-parent\" data-id=\"e4fa352\" data-element_type=\"container\" data-e-type=\"container\">\n\t\t\t\t\t<div class=\"e-con-inner\">\n\t\t\t\t<div class=\"elementor-element elementor-element-26f8059 elementor-widget elementor-widget-image\" data-id=\"26f8059\" data-element_type=\"widget\" data-e-type=\"widget\" data-widget_type=\"image.default\">\n\t\t\t\t<div class=\"elementor-widget-container\">\n\t\t\t\t\t\t\t\t\t\t\t\t\t\t\t<img fetchpriority=\"high\" decoding=\"async\" width=\"1299\" height=\"673\" src=\"https:\/\/ibernex.es\/wp-content\/uploads\/2025\/02\/Proyecto-IOT-1.webp\" class=\"attachment-full size-full wp-image-22878\" alt=\"\" srcset=\"https:\/\/ibernex.es\/wp-content\/uploads\/2025\/02\/Proyecto-IOT-1.webp 1299w, https:\/\/ibernex.es\/wp-content\/uploads\/2025\/02\/Proyecto-IOT-1-300x155.webp 300w, https:\/\/ibernex.es\/wp-content\/uploads\/2025\/02\/Proyecto-IOT-1-1024x531.webp 1024w, https:\/\/ibernex.es\/wp-content\/uploads\/2025\/02\/Proyecto-IOT-1-768x398.webp 768w\" sizes=\"(max-width: 1299px) 100vw, 1299px\" \/>\t\t\t\t\t\t\t\t\t\t\t\t\t\t\t<\/div>\n\t\t\t\t<\/div>\n\t\t\t\t\t<\/div>\n\t\t\t\t<\/div>\n\t\t<div class=\"elementor-element elementor-element-eed7eaa e-flex e-con-boxed e-con e-parent\" data-id=\"eed7eaa\" data-element_type=\"container\" data-e-type=\"container\">\n\t\t\t\t\t<div class=\"e-con-inner\">\n\t\t<div class=\"elementor-element elementor-element-6191fd6 e-con-full e-flex e-con e-child\" data-id=\"6191fd6\" data-element_type=\"container\" data-e-type=\"container\">\n\t\t\t\t<div class=\"elementor-element elementor-element-0e975f0 elementor-position-inline-start elementor-mobile-position-inline-start elementor-widget-mobile__width-initial elementor-view-default elementor-widget elementor-widget-icon-box\" data-id=\"0e975f0\" data-element_type=\"widget\" data-e-type=\"widget\" data-widget_type=\"icon-box.default\">\n\t\t\t\t<div class=\"elementor-widget-container\">\n\t\t\t\t\t\t\t<div class=\"elementor-icon-box-wrapper\">\n\n\t\t\t\t\t\t<div class=\"elementor-icon-box-icon\">\n\t\t\t\t<span  class=\"elementor-icon\">\n\t\t\t\t<svg xmlns=\"http:\/\/www.w3.org\/2000\/svg\" xmlns:xlink=\"http:\/\/www.w3.org\/1999\/xlink\" id=\"Grupo_162\" data-name=\"Grupo 162\" width=\"26\" height=\"26\" viewBox=\"0 0 26 26\"><defs><clipPath id=\"clip-path\"><rect id=\"Rect&#xE1;ngulo_51\" data-name=\"Rect&#xE1;ngulo 51\" width=\"26\" height=\"26\" fill=\"none\"><\/rect><\/clipPath><\/defs><g id=\"Grupo_65\" data-name=\"Grupo 65\" transform=\"translate(0 0)\" clip-path=\"url(#clip-path)\"><path id=\"Trazado_101\" data-name=\"Trazado 101\" d=\"M23.746,7.558l-5.305-5.3a7.7,7.7,0,0,0-10.885,0l-5.3,5.3a7.7,7.7,0,0,0,0,10.883l5.3,5.305a7.7,7.7,0,0,0,10.885,0l5.305-5.305a7.7,7.7,0,0,0,0-10.883\" transform=\"translate(0.001 0)\" fill=\"#ff8f00\"><\/path><\/g><\/svg>\t\t\t\t<\/span>\n\t\t\t<\/div>\n\t\t\t\n\t\t\t\t\t\t<div class=\"elementor-icon-box-content\">\n\n\t\t\t\t\t\t\t\t\t<p class=\"elementor-icon-box-title\">\n\t\t\t\t\t\t<span  >\n\t\t\t\t\t\t\t\u00faltimes not\u00edcies\t\t\t\t\t\t<\/span>\n\t\t\t\t\t<\/p>\n\t\t\t\t\n\t\t\t\t\n\t\t\t<\/div>\n\t\t\t\n\t\t<\/div>\n\t\t\t\t\t\t<\/div>\n\t\t\t\t<\/div>\n\t\t\t\t<div class=\"elementor-element elementor-element-1bda2ce elementor-widget elementor-widget-heading\" data-id=\"1bda2ce\" data-element_type=\"widget\" data-e-type=\"widget\" data-widget_type=\"heading.default\">\n\t\t\t\t<div class=\"elementor-widget-container\">\n\t\t\t\t\t<h2 class=\"elementor-heading-title elementor-size-default\">Projectes Europeus<\/h2>\t\t\t\t<\/div>\n\t\t\t\t<\/div>\n\t\t\t\t<\/div>\n\t\t<div class=\"elementor-element elementor-element-0fe2183 e-con-full e-flex e-con e-child\" data-id=\"0fe2183\" data-element_type=\"container\" data-e-type=\"container\">\n\t\t\t\t<div class=\"elementor-element elementor-element-acc0957 elementor-mobile-align-left elementor-widget elementor-widget-button\" data-id=\"acc0957\" data-element_type=\"widget\" data-e-type=\"widget\" data-widget_type=\"button.default\">\n\t\t\t\t<div class=\"elementor-widget-container\">\n\t\t\t\t\t\t\t\t\t<div class=\"elementor-button-wrapper\">\n\t\t\t\t\t<a class=\"elementor-button elementor-button-link elementor-size-sm\" href=\"https:\/\/ibernex.es\/category\/proyectos-europeos\/\">\n\t\t\t\t\t\t<span class=\"elementor-button-content-wrapper\">\n\t\t\t\t\t\t\t\t\t<span class=\"elementor-button-text\">Veure tots<\/span>\n\t\t\t\t\t<\/span>\n\t\t\t\t\t<\/a>\n\t\t\t\t<\/div>\n\t\t\t\t\t\t\t\t<\/div>\n\t\t\t\t<\/div>\n\t\t\t\t<\/div>\n\t\t<div class=\"elementor-element elementor-element-3383bb2 e-con-full e-flex e-con e-child\" data-id=\"3383bb2\" data-element_type=\"container\" data-e-type=\"container\">\n\t\t\t\t<div class=\"elementor-element elementor-element-df66cd1 elementor-arrows-position-inside elementor-widget elementor-widget-loop-carousel\" data-id=\"df66cd1\" data-element_type=\"widget\" data-e-type=\"widget\" data-settings=\"{&quot;template_id&quot;:19453,&quot;slides_to_show&quot;:&quot;4&quot;,&quot;image_spacing_custom&quot;:{&quot;unit&quot;:&quot;px&quot;,&quot;size&quot;:33,&quot;sizes&quot;:[]},&quot;_skin&quot;:&quot;post&quot;,&quot;slides_to_show_tablet&quot;:&quot;2&quot;,&quot;slides_to_show_mobile&quot;:&quot;1&quot;,&quot;slides_to_scroll&quot;:&quot;1&quot;,&quot;edit_handle_selector&quot;:&quot;.elementor-loop-container&quot;,&quot;autoplay&quot;:&quot;yes&quot;,&quot;autoplay_speed&quot;:5000,&quot;pause_on_hover&quot;:&quot;yes&quot;,&quot;pause_on_interaction&quot;:&quot;yes&quot;,&quot;infinite&quot;:&quot;yes&quot;,&quot;speed&quot;:500,&quot;offset_sides&quot;:&quot;none&quot;,&quot;arrows&quot;:&quot;yes&quot;,&quot;image_spacing_custom_tablet&quot;:{&quot;unit&quot;:&quot;px&quot;,&quot;size&quot;:&quot;&quot;,&quot;sizes&quot;:[]},&quot;image_spacing_custom_mobile&quot;:{&quot;unit&quot;:&quot;px&quot;,&quot;size&quot;:&quot;&quot;,&quot;sizes&quot;:[]}}\" data-widget_type=\"loop-carousel.post\">\n\t\t\t\t<div class=\"elementor-widget-container\">\n\t\t\t\t\t\t\t<div class=\"e-loop-nothing-found-message\">\n\t\t<\/div>\n\t\t\t\t\t\t<\/div>\n\t\t\t\t<\/div>\n\t\t\t\t<\/div>\n\t\t\t\t\t<\/div>\n\t\t\t\t<\/div>\n\t\t\t\t<\/div>\n\t\t","protected":false},"excerpt":{"rendered":"<p>Innovaci\u00f3 La tecnologia m\u00e9s innovadora PROJECTE AIOT CARE&amp;HEALTH De qu\u00e8 tracta? A Ibernex estem desenvolupant una plataforma integral, centralitzada i escalable, basada en la combinaci\u00f3 de l&#8217;\u00fas d\u2019habilitadors tecnol\u00f2gics, destacant l&#8217;\u00fas de la IA i l&#8217;Internet de les Coses. Qui hi participa? Ho estem fent gr\u00e0cies a la investigaci\u00f3 i la col\u00b7laboraci\u00f3 amb la resta &#8230; <a title=\"Innovaci\u00f3\" class=\"read-more\" href=\"https:\/\/ibernex.es\/ca\/innovacio\/\" aria-label=\"M\u00e9s informaci\u00f3 sobre Innovaci\u00f3\">Read more<\/a><\/p>\n","protected":false},"author":4,"featured_media":0,"parent":0,"menu_order":0,"comment_status":"closed","ping_status":"closed","template":"elementor_header_footer","meta":{"footnotes":""},"class_list":["post-23125","page","type-page","status-publish"],"_links":{"self":[{"href":"https:\/\/ibernex.es\/ca\/wp-json\/wp\/v2\/pages\/23125","targetHints":{"allow":["GET"]}}],"collection":[{"href":"https:\/\/ibernex.es\/ca\/wp-json\/wp\/v2\/pages"}],"about":[{"href":"https:\/\/ibernex.es\/ca\/wp-json\/wp\/v2\/types\/page"}],"author":[{"embeddable":true,"href":"https:\/\/ibernex.es\/ca\/wp-json\/wp\/v2\/users\/4"}],"replies":[{"embeddable":true,"href":"https:\/\/ibernex.es\/ca\/wp-json\/wp\/v2\/comments?post=23125"}],"version-history":[{"count":2,"href":"https:\/\/ibernex.es\/ca\/wp-json\/wp\/v2\/pages\/23125\/revisions"}],"predecessor-version":[{"id":23564,"href":"https:\/\/ibernex.es\/ca\/wp-json\/wp\/v2\/pages\/23125\/revisions\/23564"}],"wp:attachment":[{"href":"https:\/\/ibernex.es\/ca\/wp-json\/wp\/v2\/media?parent=23125"}],"curies":[{"name":"wp","href":"https:\/\/api.w.org\/{rel}","templated":true}]}}