{"id":23342,"date":"2021-09-27T10:32:22","date_gmt":"2021-09-27T08:32:22","guid":{"rendered":"https:\/\/ibernex.es\/politica-de-qualitat\/"},"modified":"2025-03-14T12:01:35","modified_gmt":"2025-03-14T11:01:35","slug":"politica-de-qualitat","status":"publish","type":"page","link":"https:\/\/ibernex.es\/ca\/politica-de-qualitat\/","title":{"rendered":"Pol\u00edtica de qualitat"},"content":{"rendered":"\t\t<div data-elementor-type=\"wp-page\" data-elementor-id=\"23342\" class=\"elementor elementor-23342 elementor-1129\" data-elementor-post-type=\"page\">\n\t\t\t\t\t\t<section class=\"elementor-section elementor-top-section elementor-element elementor-element-4d24b22 elementor-section-boxed elementor-section-height-default elementor-section-height-default\" data-id=\"4d24b22\" data-element_type=\"section\" data-e-type=\"section\">\n\t\t\t\t\t\t<div class=\"elementor-container elementor-column-gap-default\">\n\t\t\t\t\t<div class=\"elementor-column elementor-col-100 elementor-top-column elementor-element elementor-element-2144d49\" data-id=\"2144d49\" data-element_type=\"column\" data-e-type=\"column\">\n\t\t\t<div class=\"elementor-widget-wrap elementor-element-populated\">\n\t\t\t\t\t\t<div class=\"elementor-element elementor-element-7e3bb12 elementor-widget elementor-widget-heading\" data-id=\"7e3bb12\" data-element_type=\"widget\" data-e-type=\"widget\" data-widget_type=\"heading.default\">\n\t\t\t\t<div class=\"elementor-widget-container\">\n\t\t\t\t\t<h1 class=\"elementor-heading-title elementor-size-default\">Pol\u00edtica de qualitat<\/h1>\t\t\t\t<\/div>\n\t\t\t\t<\/div>\n\t\t\t\t<div class=\"elementor-element elementor-element-235f7ab elementor-widget elementor-widget-text-editor\" data-id=\"235f7ab\" data-element_type=\"widget\" data-e-type=\"widget\" data-widget_type=\"text-editor.default\">\n\t\t\t\t<div class=\"elementor-widget-container\">\n\t\t\t\t\t\t\t\t\t<p>IBERNEX INGENIERIA S.L. \u00e9s una companyia especialitzada en el disseny i producci\u00f3 de solucions tecnol\u00f2giques assistencials per a hospitals, resid\u00e8ncies i edificis d&#8217;alta ocupaci\u00f3, que tamb\u00e9 presta servei d&#8217;assist\u00e8ncia t\u00e8cnica per a sistemes de comunicaci\u00f3 assistencials d&#8217;hospitals, resid\u00e8ncies, teleassist\u00e8ncia i edificis d&#8217;alta ocupaci\u00f3.&nbsp;<\/p>\n<p><\/p>\n<p>La Direcci\u00f3 d&#8217;IBERNEX INGENIERIA S.L. considera que, per al <strong>bon funcionament i desenvolupament de l&#8217;organitzaci\u00f3<\/strong>, \u00e9s necess\u00e0ria l&#8217;adopci\u00f3 dels seg\u00fcents <strong><u>principis b\u00e0sics<\/u><\/strong> que conformen la nostra pol\u00edtica de qualitat:<\/p>\n<p><\/p>\n<ul>\n<li><strong>Satisfer els nostres clients<\/strong>, subministrant uns productes amb un alt grau de fiabilitat en el seu funcionament, aix\u00ed com serveis competitius i de qualitat, complint els requisits que ens transmeten els clients, els legals i reglamentaris i altres requisits als quals l&#8217;empresa s&#8217;adhereixi.<\/li>\n<li><strong>Millorar cont\u00ednuament els nostres productes<\/strong>, serveis i processos, sent cada vegada m\u00e9s efica\u00e7os i eficients, repercutint en la satisfacci\u00f3 dels clients i en un major benefici econ\u00f2mic de la companyia.<\/li>\n<li><strong>Detecci\u00f3 primerenca dels productes no conformes<\/strong> i resoluci\u00f3 \u00e0gil, disminuint la incid\u00e8ncia en costos i evitant que arribi defectu\u00f3s al client.\n<\/li>\n<\/ul>\n<p>Aquests principis s&#8217;integren en el nostre Sistema de Gesti\u00f3 de Qualitat segons l&#8217;edici\u00f3 vigent de la norma ISO 9001, el compliment de la qual ha de basar-se en <u>l&#8217;esfor\u00e7 col\u00b7lectiu de tot el nostre personal<\/u> a trav\u00e9s del comprom\u00eds amb la Qualitat, la participaci\u00f3 i el treball en equip.<\/p>\n<p>Per a la consecuci\u00f3 dels anteriors principis,<u> la Direcci\u00f3<\/u> d&#8217;IBERNEX INGENIERIA S.L. <u>es compromet<\/u> a disposar dels recursos necessaris pel que fa a la millora d&#8217;instal\u00b7lacions i mitjans t\u00e8cnics i instrumentals, aix\u00ed com en una atenci\u00f3 preferent a la formaci\u00f3 del personal de tots els nivells de l&#8217;empresa, aix\u00f2 es realitza mitjan\u00e7ant la definici\u00f3 i la revisi\u00f3 peri\u00f2dica d&#8217;objectius espec\u00edfics alineats amb els principis definits en aquesta Pol\u00edtica de Qualitat i la nostra missi\u00f3, visi\u00f3 i valors.<\/p>\n<p><\/p>\n<p>El Sistema de Gesti\u00f3 de la Qualitat, Manual de Qualitat, els procediments, processos i instruccions elaborades, s\u00f3n <strong>d&#8217;obligat compliment<\/strong> per a tot el personal, tots els departaments i a tots els nivells. Per tant, tot el personal ha de con\u00e8ixer-lo i complir-lo en els aspectes que li afectin. <\/p>\n<p>Fmdo.<\/p>\n<p>La Direcci\u00f3 d&#8217;IBERNEX INGENIER\u00cdA S.L.<\/p>\n<p><\/p>\n<p><strong><u>AVALUACI\u00d3 DE PROVE\u00cfDORS<\/u><\/strong><\/p>\n<p>D&#8217;acord amb els principis de la norma ISO 9001:2015, &nbsp; IBERNEX INGENIER\u00cdA S.L. realitza anualment una valoraci\u00f3 del rendiment dels seus prove\u00efdors conforme a criteris de qualitat dels materials o serveis proporcionats i compliment del termini de lliurament i altres requisits acordats entre ambdues parts. Si, com a prove\u00efdor d&#8217;IBERNEX INGENIER\u00cdA S.L., desitja con\u00e8ixer m\u00e9s detalladament els criteris d&#8217;avaluaci\u00f3 aplicats, posi&#8217;s en contacte amb nosaltres a trav\u00e9s de qualsevol dels mitjans indicats en aquesta web. <\/p>\t\t\t\t\t\t\t\t<\/div>\n\t\t\t\t<\/div>\n\t\t\t\t\t<\/div>\n\t\t<\/div>\n\t\t\t\t\t<\/div>\n\t\t<\/section>\n\t\t\t\t<\/div>\n\t\t","protected":false},"excerpt":{"rendered":"<p>Pol\u00edtica de qualitat IBERNEX INGENIERIA S.L. \u00e9s una companyia especialitzada en el disseny i producci\u00f3 de solucions tecnol\u00f2giques assistencials per a hospitals, resid\u00e8ncies i edificis d&#8217;alta ocupaci\u00f3, que tamb\u00e9 presta servei d&#8217;assist\u00e8ncia t\u00e8cnica per a sistemes de comunicaci\u00f3 assistencials d&#8217;hospitals, resid\u00e8ncies, teleassist\u00e8ncia i edificis d&#8217;alta ocupaci\u00f3.&nbsp; La Direcci\u00f3 d&#8217;IBERNEX INGENIERIA S.L. considera que, per al &#8230; <a title=\"Pol\u00edtica de qualitat\" class=\"read-more\" href=\"https:\/\/ibernex.es\/ca\/politica-de-qualitat\/\" aria-label=\"M\u00e9s informaci\u00f3 sobre Pol\u00edtica de qualitat\">Read more<\/a><\/p>\n","protected":false},"author":4,"featured_media":0,"parent":0,"menu_order":0,"comment_status":"closed","ping_status":"closed","template":"","meta":{"footnotes":""},"class_list":["post-23342","page","type-page","status-publish"],"_links":{"self":[{"href":"https:\/\/ibernex.es\/ca\/wp-json\/wp\/v2\/pages\/23342","targetHints":{"allow":["GET"]}}],"collection":[{"href":"https:\/\/ibernex.es\/ca\/wp-json\/wp\/v2\/pages"}],"about":[{"href":"https:\/\/ibernex.es\/ca\/wp-json\/wp\/v2\/types\/page"}],"author":[{"embeddable":true,"href":"https:\/\/ibernex.es\/ca\/wp-json\/wp\/v2\/users\/4"}],"replies":[{"embeddable":true,"href":"https:\/\/ibernex.es\/ca\/wp-json\/wp\/v2\/comments?post=23342"}],"version-history":[{"count":1,"href":"https:\/\/ibernex.es\/ca\/wp-json\/wp\/v2\/pages\/23342\/revisions"}],"predecessor-version":[{"id":23343,"href":"https:\/\/ibernex.es\/ca\/wp-json\/wp\/v2\/pages\/23342\/revisions\/23343"}],"wp:attachment":[{"href":"https:\/\/ibernex.es\/ca\/wp-json\/wp\/v2\/media?parent=23342"}],"curies":[{"name":"wp","href":"https:\/\/api.w.org\/{rel}","templated":true}]}}